{"id":120585,"date":"2020-11-23T15:28:20","date_gmt":"2020-11-23T12:28:20","guid":{"rendered":"https:\/\/decoflux.com\/produktas\/sateen-pillow-case-ritualas\/"},"modified":"2026-03-25T08:00:53","modified_gmt":"2026-03-25T06:00:53","slug":"sateen-pillow-case-ritual","status":"publish","type":"product","link":"https:\/\/decoflux.com\/en\/product\/sateen-pillow-case-ritual\/","title":{"rendered":"Sateen pillowcase Ritual &#8211; Agn\u0117 Ki\u0161onait\u0117"},"content":{"rendered":"<p>ART collection products radiate brightness, decorated with designs fromworks of A. Kisonaite, M. Grigaitiene and other wonderful artists.<br \/>\nThese exquisite works of art can become the most unique accessory in any bedroom and closet.<\/p>\n","protected":false},"excerpt":{"rendered":"<p>Rituals is a modern bedding design by Agn\u0117 Ki\u0161onait\u0117.<\/p>\n<p>The long-staple cotton sateen with a TC300 weave density will last a long time and be pleasant to sleep in.<\/p>\n<p>Oeko-Tex 100 certified.<\/p>\n","protected":false},"featured_media":232307,"comment_status":"open","ping_status":"closed","template":"","meta":[],"product_brand":[],"product_cat":[5517,2895,1591,1326,1323,6832,1423,5022,5282,6278],"product_tag":[],"class_list":{"0":"post-120585","1":"product","2":"type-product","3":"status-publish","4":"has-post-thumbnail","6":"product_cat-agne-kisonaite-en","7":"product_cat-art-en","8":"product_cat-art-by-a-kisonaite-en","9":"product_cat-bedding","10":"product_cat-bedroom","11":"product_cat-new-web-02-26-en","12":"product_cat-pillowcases","13":"product_cat-sateen-pilowcases","14":"product_cat-seasonal-sale","15":"product_cat-summer-offers","16":"pa_dydis-50x707cm","17":"pa_kolekcijos-agne-kisonaite-en","18":"pa_medziagiskumas-100-cotton-sateen-en-2","19":"pa_spalva-marga-en","21":"first","22":"instock","23":"sale","24":"taxable","25":"shipping-taxable","26":"purchasable","27":"product-type-variable","28":"has-default-attributes"},"group_of_quantity":0,"min_quantity":0,"max_quantity":"","exclude_order_quantity_value_rules":"no","exclude_category_quantity_rules":"no","combine_variations":"no","_links":{"self":[{"href":"https:\/\/decoflux.com\/en\/wp-json\/wp\/v2\/product\/120585","targetHints":{"allow":["GET"]}}],"collection":[{"href":"https:\/\/decoflux.com\/en\/wp-json\/wp\/v2\/product"}],"about":[{"href":"https:\/\/decoflux.com\/en\/wp-json\/wp\/v2\/types\/product"}],"replies":[{"embeddable":true,"href":"https:\/\/decoflux.com\/en\/wp-json\/wp\/v2\/comments?post=120585"}],"wp:featuredmedia":[{"embeddable":true,"href":"https:\/\/decoflux.com\/en\/wp-json\/wp\/v2\/media\/232307"}],"wp:attachment":[{"href":"https:\/\/decoflux.com\/en\/wp-json\/wp\/v2\/media?parent=120585"}],"wp:term":[{"taxonomy":"product_brand","embeddable":true,"href":"https:\/\/decoflux.com\/en\/wp-json\/wp\/v2\/product_brand?post=120585"},{"taxonomy":"product_cat","embeddable":true,"href":"https:\/\/decoflux.com\/en\/wp-json\/wp\/v2\/product_cat?post=120585"},{"taxonomy":"product_tag","embeddable":true,"href":"https:\/\/decoflux.com\/en\/wp-json\/wp\/v2\/product_tag?post=120585"}],"curies":[{"name":"wp","href":"https:\/\/api.w.org\/{rel}","templated":true}]}}